{"id":1594,"date":"2023-10-30T15:51:10","date_gmt":"2023-10-30T20:51:10","guid":{"rendered":"https:\/\/nicepeopleconsulting.com\/?post_type=product&#038;p=1594"},"modified":"2023-12-18T10:21:42","modified_gmt":"2023-12-18T15:21:42","slug":"alfredo-pereira","status":"publish","type":"product","link":"https:\/\/nicepeopleconsulting.com\/en\/product\/alfredo-pereira\/","title":{"rendered":"Alfredo"},"content":{"rendered":"<p><span class=\"OYPEnA text-decoration-none text-strikethrough-none\">PhD en matem\u00e1ticas, con experiencia en <\/span><span class=\"OYPEnA text-decoration-none text-strikethrough-none\">Python<\/span><span class=\"OYPEnA text-decoration-none text-strikethrough-none\"> para an\u00e1lisis de grandes vol\u00famenes de datos y <\/span><span class=\"OYPEnA text-decoration-none text-strikethrough-none\">Machine Learning<\/span><span class=\"OYPEnA text-decoration-none text-strikethrough-none\"> para el an\u00e1lisis predictivo. Profesional con gran capacidad anal\u00edtica, apasionado por<\/span><span class=\"OYPEnA text-decoration-none text-strikethrough-none white-space-prewrap\">\u00a0<\/span><span class=\"OYPEnA text-decoration-none text-strikethrough-none\">resolver problemas complejos utilizando datos y proporcionar<\/span><span class=\"OYPEnA text-decoration-none text-strikethrough-none white-space-prewrap\">\u00a0<\/span><span class=\"OYPEnA text-decoration-none text-strikethrough-none\">informaci\u00f3n relevante para el<\/span><span class=\"OYPEnA text-decoration-none text-strikethrough-none white-space-prewrap\">\u00a0<\/span><span class=\"OYPEnA text-decoration-none text-strikethrough-none\">mejoramiento de procesos y el desarrollo e implementaci\u00f3n de nuevas tecnolog\u00edas, basadas en inteligencia artificial, Machine Learning y los diferentes m\u00e9todos matem\u00e1ticos &#8211; estad\u00edsticos.<\/span><\/p>","protected":false},"excerpt":{"rendered":"<p>PhD en matem\u00e1ticas, con experiencia en Python para an\u00e1lisis de grandes vol\u00famenes de datos y Machine Learning para el an\u00e1lisis predictivo. Profesional con gran capacidad anal\u00edtica, apasionado por\u00a0resolver problemas complejos utilizando datos y proporcionar\u00a0informaci\u00f3n relevante para el\u00a0mejoramiento de procesos y el desarrollo e implementaci\u00f3n de nuevas tecnolog\u00edas, basadas en inteligencia artificial, Machine Learning y los [&hellip;]<\/p>","protected":false},"featured_media":2399,"template":"","meta":{"site-sidebar-layout":"default","site-content-layout":"","ast-site-content-layout":"default","site-content-style":"default","site-sidebar-style":"default","ast-global-header-display":"","ast-banner-title-visibility":"","ast-main-header-display":"","ast-hfb-above-header-display":"","ast-hfb-below-header-display":"","ast-hfb-mobile-header-display":"","site-post-title":"","ast-breadcrumbs-content":"","ast-featured-img":"","footer-sml-layout":"","theme-transparent-header-meta":"default","adv-header-id-meta":"","stick-header-meta":"default","header-above-stick-meta":"","header-main-stick-meta":"","header-below-stick-meta":"","astra-migrate-meta-layouts":"set","ast-page-background-enabled":"default","ast-page-background-meta":{"desktop":{"background-color":"var(--ast-global-color-4)","background-image":"","background-repeat":"repeat","background-position":"center center","background-size":"auto","background-attachment":"scroll","background-type":"","background-media":"","overlay-type":"","overlay-color":"","overlay-gradient":""},"tablet":{"background-color":"","background-image":"","background-repeat":"repeat","background-position":"center center","background-size":"auto","background-attachment":"scroll","background-type":"","background-media":"","overlay-type":"","overlay-color":"","overlay-gradient":""},"mobile":{"background-color":"","background-image":"","background-repeat":"repeat","background-position":"center center","background-size":"auto","background-attachment":"scroll","background-type":"","background-media":"","overlay-type":"","overlay-color":"","overlay-gradient":""}},"ast-content-background-meta":{"desktop":{"background-color":"var(--ast-global-color-5)","background-image":"","background-repeat":"repeat","background-position":"center center","background-size":"auto","background-attachment":"scroll","background-type":"","background-media":"","overlay-type":"","overlay-color":"","overlay-gradient":""},"tablet":{"background-color":"var(--ast-global-color-5)","background-image":"","background-repeat":"repeat","background-position":"center center","background-size":"auto","background-attachment":"scroll","background-type":"","background-media":"","overlay-type":"","overlay-color":"","overlay-gradient":""},"mobile":{"background-color":"var(--ast-global-color-5)","background-image":"","background-repeat":"repeat","background-position":"center center","background-size":"auto","background-attachment":"scroll","background-type":"","background-media":"","overlay-type":"","overlay-color":"","overlay-gradient":""}},"_joinchat":[]},"product_cat":[104],"product_tag":[118,117],"class_list":{"0":"post-1594","1":"product","2":"type-product","3":"status-publish","4":"has-post-thumbnail","6":"product_cat-data-science","7":"product_tag-maching-learning","8":"product_tag-python","9":"desktop-align-left","10":"tablet-align-left","11":"mobile-align-left","13":"first","14":"instock","15":"shipping-taxable","16":"product-type-simple"},"acf":[],"yoast_head":"<!-- This site is optimized with the Yoast SEO plugin v21.9.1 - https:\/\/yoast.com\/wordpress\/plugins\/seo\/ -->\n<title>Alfredo - Nice People Consulting<\/title>\n<meta name=\"robots\" content=\"index, follow, max-snippet:-1, max-image-preview:large, max-video-preview:-1\" \/>\n<link rel=\"canonical\" href=\"https:\/\/nicepeopleconsulting.com\/en\/product\/alfredo-pereira\/\" \/>\n<meta property=\"og:locale\" content=\"en_US\" \/>\n<meta property=\"og:type\" content=\"article\" \/>\n<meta property=\"og:title\" content=\"Alfredo - Nice People Consulting\" \/>\n<meta property=\"og:description\" content=\"PhD en matem\u00e1ticas, con experiencia en Python para an\u00e1lisis de grandes vol\u00famenes de datos y Machine Learning para el an\u00e1lisis predictivo. Profesional con gran capacidad anal\u00edtica, apasionado por\u00a0resolver problemas complejos utilizando datos y proporcionar\u00a0informaci\u00f3n relevante para el\u00a0mejoramiento de procesos y el desarrollo e implementaci\u00f3n de nuevas tecnolog\u00edas, basadas en inteligencia artificial, Machine Learning y los [&hellip;]\" \/>\n<meta property=\"og:url\" content=\"https:\/\/nicepeopleconsulting.com\/en\/product\/alfredo-pereira\/\" \/>\n<meta property=\"og:site_name\" content=\"Nice People Consulting\" \/>\n<meta property=\"article:modified_time\" content=\"2023-12-18T15:21:42+00:00\" \/>\n<meta property=\"og:image\" content=\"https:\/\/nicepeopleconsulting.com\/wp-content\/uploads\/2023\/10\/avatar1.jpeg\" \/>\n\t<meta property=\"og:image:width\" content=\"200\" \/>\n\t<meta property=\"og:image:height\" content=\"200\" \/>\n\t<meta property=\"og:image:type\" content=\"image\/jpeg\" \/>\n<meta name=\"twitter:card\" content=\"summary_large_image\" \/>\n<meta name=\"twitter:label1\" content=\"Est. reading time\" \/>\n\t<meta name=\"twitter:data1\" content=\"1 minute\" \/>\n<script type=\"application\/ld+json\" class=\"yoast-schema-graph\">{\"@context\":\"https:\/\/schema.org\",\"@graph\":[{\"@type\":\"WebPage\",\"@id\":\"https:\/\/nicepeopleconsulting.com\/producto\/alfredo-pereira\/\",\"url\":\"https:\/\/nicepeopleconsulting.com\/producto\/alfredo-pereira\/\",\"name\":\"Alfredo - Nice People Consulting\",\"isPartOf\":{\"@id\":\"https:\/\/nicepeopleconsulting.com\/#website\"},\"datePublished\":\"2023-10-30T20:51:10+00:00\",\"dateModified\":\"2023-12-18T15:21:42+00:00\",\"breadcrumb\":{\"@id\":\"https:\/\/nicepeopleconsulting.com\/producto\/alfredo-pereira\/#breadcrumb\"},\"inLanguage\":\"en-US\",\"potentialAction\":[{\"@type\":\"ReadAction\",\"target\":[\"https:\/\/nicepeopleconsulting.com\/producto\/alfredo-pereira\/\"]}]},{\"@type\":\"BreadcrumbList\",\"@id\":\"https:\/\/nicepeopleconsulting.com\/producto\/alfredo-pereira\/#breadcrumb\",\"itemListElement\":[{\"@type\":\"ListItem\",\"position\":1,\"name\":\"Portada\",\"item\":\"https:\/\/nicepeopleconsulting.com\/\"},{\"@type\":\"ListItem\",\"position\":2,\"name\":\"Cat\u00e1logo de talentos\",\"item\":\"https:\/\/nicepeopleconsulting.com\/catalogo-de-talentos\/\"},{\"@type\":\"ListItem\",\"position\":3,\"name\":\"Alfredo\"}]},{\"@type\":\"WebSite\",\"@id\":\"https:\/\/nicepeopleconsulting.com\/#website\",\"url\":\"https:\/\/nicepeopleconsulting.com\/\",\"name\":\"Nice People Consulting\",\"description\":\"\",\"publisher\":{\"@id\":\"https:\/\/nicepeopleconsulting.com\/#organization\"},\"potentialAction\":[{\"@type\":\"SearchAction\",\"target\":{\"@type\":\"EntryPoint\",\"urlTemplate\":\"https:\/\/nicepeopleconsulting.com\/?s={search_term_string}\"},\"query-input\":\"required name=search_term_string\"}],\"inLanguage\":\"en-US\"},{\"@type\":\"Organization\",\"@id\":\"https:\/\/nicepeopleconsulting.com\/#organization\",\"name\":\"Nice People Consulting\",\"url\":\"https:\/\/nicepeopleconsulting.com\/\",\"logo\":{\"@type\":\"ImageObject\",\"inLanguage\":\"en-US\",\"@id\":\"https:\/\/nicepeopleconsulting.com\/#\/schema\/logo\/image\/\",\"url\":\"https:\/\/nicepeopleconsulting.com\/wp-content\/uploads\/2023\/09\/NPHorizontal.webp\",\"contentUrl\":\"https:\/\/nicepeopleconsulting.com\/wp-content\/uploads\/2023\/09\/NPHorizontal.webp\",\"width\":596,\"height\":200,\"caption\":\"Nice People Consulting\"},\"image\":{\"@id\":\"https:\/\/nicepeopleconsulting.com\/#\/schema\/logo\/image\/\"},\"sameAs\":[\"https:\/\/www.instagram.com\/nicepeopleconsultingusa\/\",\"https:\/\/www.linkedin.com\/company\/nice-people-consulting-usa\/\",\"https:\/\/www.facebook.com\/profile.php?id=100076366720554\"]}]}<\/script>\n<!-- \/ Yoast SEO plugin. -->","yoast_head_json":{"title":"Alfredo - Nice People Consulting","robots":{"index":"index","follow":"follow","max-snippet":"max-snippet:-1","max-image-preview":"max-image-preview:large","max-video-preview":"max-video-preview:-1"},"canonical":"https:\/\/nicepeopleconsulting.com\/en\/product\/alfredo-pereira\/","og_locale":"en_US","og_type":"article","og_title":"Alfredo - Nice People Consulting","og_description":"PhD en matem\u00e1ticas, con experiencia en Python para an\u00e1lisis de grandes vol\u00famenes de datos y Machine Learning para el an\u00e1lisis predictivo. Profesional con gran capacidad anal\u00edtica, apasionado por\u00a0resolver problemas complejos utilizando datos y proporcionar\u00a0informaci\u00f3n relevante para el\u00a0mejoramiento de procesos y el desarrollo e implementaci\u00f3n de nuevas tecnolog\u00edas, basadas en inteligencia artificial, Machine Learning y los [&hellip;]","og_url":"https:\/\/nicepeopleconsulting.com\/en\/product\/alfredo-pereira\/","og_site_name":"Nice People Consulting","article_modified_time":"2023-12-18T15:21:42+00:00","og_image":[{"width":200,"height":200,"url":"https:\/\/nicepeopleconsulting.com\/wp-content\/uploads\/2023\/10\/avatar1.jpeg","type":"image\/jpeg"}],"twitter_card":"summary_large_image","twitter_misc":{"Est. reading time":"1 minute"},"schema":{"@context":"https:\/\/schema.org","@graph":[{"@type":"WebPage","@id":"https:\/\/nicepeopleconsulting.com\/producto\/alfredo-pereira\/","url":"https:\/\/nicepeopleconsulting.com\/producto\/alfredo-pereira\/","name":"Alfredo - Nice People Consulting","isPartOf":{"@id":"https:\/\/nicepeopleconsulting.com\/#website"},"datePublished":"2023-10-30T20:51:10+00:00","dateModified":"2023-12-18T15:21:42+00:00","breadcrumb":{"@id":"https:\/\/nicepeopleconsulting.com\/producto\/alfredo-pereira\/#breadcrumb"},"inLanguage":"en-US","potentialAction":[{"@type":"ReadAction","target":["https:\/\/nicepeopleconsulting.com\/producto\/alfredo-pereira\/"]}]},{"@type":"BreadcrumbList","@id":"https:\/\/nicepeopleconsulting.com\/producto\/alfredo-pereira\/#breadcrumb","itemListElement":[{"@type":"ListItem","position":1,"name":"Portada","item":"https:\/\/nicepeopleconsulting.com\/"},{"@type":"ListItem","position":2,"name":"Cat\u00e1logo de talentos","item":"https:\/\/nicepeopleconsulting.com\/catalogo-de-talentos\/"},{"@type":"ListItem","position":3,"name":"Alfredo"}]},{"@type":"WebSite","@id":"https:\/\/nicepeopleconsulting.com\/#website","url":"https:\/\/nicepeopleconsulting.com\/","name":"Nice People Consulting","description":"","publisher":{"@id":"https:\/\/nicepeopleconsulting.com\/#organization"},"potentialAction":[{"@type":"SearchAction","target":{"@type":"EntryPoint","urlTemplate":"https:\/\/nicepeopleconsulting.com\/?s={search_term_string}"},"query-input":"required name=search_term_string"}],"inLanguage":"en-US"},{"@type":"Organization","@id":"https:\/\/nicepeopleconsulting.com\/#organization","name":"Nice People Consulting","url":"https:\/\/nicepeopleconsulting.com\/","logo":{"@type":"ImageObject","inLanguage":"en-US","@id":"https:\/\/nicepeopleconsulting.com\/#\/schema\/logo\/image\/","url":"https:\/\/nicepeopleconsulting.com\/wp-content\/uploads\/2023\/09\/NPHorizontal.webp","contentUrl":"https:\/\/nicepeopleconsulting.com\/wp-content\/uploads\/2023\/09\/NPHorizontal.webp","width":596,"height":200,"caption":"Nice People Consulting"},"image":{"@id":"https:\/\/nicepeopleconsulting.com\/#\/schema\/logo\/image\/"},"sameAs":["https:\/\/www.instagram.com\/nicepeopleconsultingusa\/","https:\/\/www.linkedin.com\/company\/nice-people-consulting-usa\/","https:\/\/www.facebook.com\/profile.php?id=100076366720554"]}]}},"_links":{"self":[{"href":"https:\/\/nicepeopleconsulting.com\/en\/wp-json\/wp\/v2\/product\/1594","targetHints":{"allow":["GET"]}}],"collection":[{"href":"https:\/\/nicepeopleconsulting.com\/en\/wp-json\/wp\/v2\/product"}],"about":[{"href":"https:\/\/nicepeopleconsulting.com\/en\/wp-json\/wp\/v2\/types\/product"}],"wp:featuredmedia":[{"embeddable":true,"href":"https:\/\/nicepeopleconsulting.com\/en\/wp-json\/wp\/v2\/media\/2399"}],"wp:attachment":[{"href":"https:\/\/nicepeopleconsulting.com\/en\/wp-json\/wp\/v2\/media?parent=1594"}],"wp:term":[{"taxonomy":"product_cat","embeddable":true,"href":"https:\/\/nicepeopleconsulting.com\/en\/wp-json\/wp\/v2\/product_cat?post=1594"},{"taxonomy":"product_tag","embeddable":true,"href":"https:\/\/nicepeopleconsulting.com\/en\/wp-json\/wp\/v2\/product_tag?post=1594"}],"curies":[{"name":"wp","href":"https:\/\/api.w.org\/{rel}","templated":true}]}}